{"id":11589,"date":"2024-12-09T17:00:37","date_gmt":"2024-12-09T16:00:37","guid":{"rendered":"https:\/\/littlebig.sk\/?page_id=11589"},"modified":"2024-12-26T09:24:19","modified_gmt":"2024-12-26T08:24:19","slug":"predbezny-zapis","status":"publish","type":"page","link":"https:\/\/littlebig.sk\/en\/predbezny-zapis\/","title":{"rendered":"Preliminary registration"},"content":{"rendered":"<div data-elementor-type=\"wp-page\" data-elementor-id=\"11589\" class=\"elementor elementor-11589\">\n\t\t\t\t\t\t<section class=\"elementor-section elementor-top-section elementor-element elementor-element-537b246 elementor-section-boxed elementor-section-height-default elementor-section-height-default\" data-id=\"537b246\" data-element_type=\"section\" id=\"predbezny-zapis-section\">\n\t\t\t\t\t\t\t<div class=\"elementor-background-overlay\"><\/div>\n\t\t\t\t\t\t\t<div class=\"elementor-container elementor-column-gap-default\">\n\t\t\t\t\t<div class=\"elementor-column elementor-col-100 elementor-top-column elementor-element elementor-element-577e2cc\" data-id=\"577e2cc\" data-element_type=\"column\">\n\t\t\t<div class=\"elementor-widget-wrap elementor-element-populated\">\n\t\t\t\t\t\t<section class=\"elementor-section elementor-inner-section elementor-element elementor-element-736755d elementor-section-boxed elementor-section-height-default elementor-section-height-default\" data-id=\"736755d\" data-element_type=\"section\">\n\t\t\t\t\t\t<div class=\"elementor-container elementor-column-gap-default\">\n\t\t\t\t\t<div class=\"elementor-column elementor-col-66 elementor-inner-column elementor-element elementor-element-36291a2\" data-id=\"36291a2\" data-element_type=\"column\">\n\t\t\t<div class=\"elementor-widget-wrap elementor-element-populated\">\n\t\t\t\t\t\t<div class=\"elementor-element elementor-element-c24ad6b elementor-widget elementor-widget-heading\" data-id=\"c24ad6b\" data-element_type=\"widget\" data-widget_type=\"heading.default\">\n\t\t\t\t<div class=\"elementor-widget-container\">\n\t\t\t<h2 class=\"elementor-heading-title elementor-size-default\">Preliminary registration<\/h2>\t\t<\/div>\n\t\t\t\t<\/div>\n\t\t\t\t\t<\/div>\n\t\t<\/div>\n\t\t\t\t<div class=\"elementor-column elementor-col-33 elementor-inner-column elementor-element elementor-element-4500fe0 elementor-hidden-tablet elementor-hidden-mobile\" data-id=\"4500fe0\" data-element_type=\"column\">\n\t\t\t<div class=\"elementor-widget-wrap elementor-element-populated\">\n\t\t\t\t\t\t<div class=\"elementor-element elementor-element-c0c1e4d elementor-widget elementor-widget-image\" data-id=\"c0c1e4d\" data-element_type=\"widget\" data-widget_type=\"image.default\">\n\t\t\t\t<div class=\"elementor-widget-container\">\n\t\t\t\t\t\t\t\t\t\t\t\t\t<img decoding=\"async\" width=\"264\" height=\"69\" src=\"https:\/\/littlebig.sk\/wp-content\/uploads\/2024\/12\/preliminary-registration_doodles.svg\" class=\"attachment-large size-large wp-image-11595\" alt=\"\" \/>\t\t\t\t\t\t\t\t\t\t\t\t\t<\/div>\n\t\t\t\t<\/div>\n\t\t\t\t\t<\/div>\n\t\t<\/div>\n\t\t\t\t\t<\/div>\n\t\t<\/section>\n\t\t\t\t<section class=\"elementor-section elementor-inner-section elementor-element elementor-element-46be568 elementor-section-boxed elementor-section-height-default elementor-section-height-default\" data-id=\"46be568\" data-element_type=\"section\">\n\t\t\t\t\t\t<div class=\"elementor-container elementor-column-gap-default\">\n\t\t\t\t\t<div class=\"elementor-column elementor-col-100 elementor-inner-column elementor-element elementor-element-0ab7985\" data-id=\"0ab7985\" data-element_type=\"column\">\n\t\t\t<div class=\"elementor-widget-wrap elementor-element-populated\">\n\t\t\t\t\t\t<div class=\"elementor-element elementor-element-ecc35e4 elementor-widget elementor-widget-text-editor\" data-id=\"ecc35e4\" data-element_type=\"widget\" data-widget_type=\"text-editor.default\">\n\t\t\t\t<div class=\"elementor-widget-container\">\n\t\t\t\t\t\t\t<p>Interested in visiting our kindergarten? We will be happy to show you around and have a talk.<\/p>\t\t\t\t\t\t<\/div>\n\t\t\t\t<\/div>\n\t\t\t\t\t<\/div>\n\t\t<\/div>\n\t\t\t\t\t<\/div>\n\t\t<\/section>\n\t\t\t\t<section class=\"elementor-section elementor-inner-section elementor-element elementor-element-a75b60f elementor-section-boxed elementor-section-height-default elementor-section-height-default\" data-id=\"a75b60f\" data-element_type=\"section\">\n\t\t\t\t\t\t<div class=\"elementor-container elementor-column-gap-default\">\n\t\t\t\t\t<div class=\"elementor-column elementor-col-100 elementor-inner-column elementor-element elementor-element-37bb53f\" data-id=\"37bb53f\" data-element_type=\"column\">\n\t\t\t<div class=\"elementor-widget-wrap elementor-element-populated\">\n\t\t\t\t\t\t<div class=\"elementor-element elementor-element-331b291 elementor-widget elementor-widget-wpforms\" data-id=\"331b291\" data-element_type=\"widget\" data-widget_type=\"wpforms.default\">\n\t\t\t\t<div class=\"elementor-widget-container\">\n\t\t\t<div class=\"wpforms-container predbezny-zapis-form\" id=\"wpforms-2868\"><form id=\"wpforms-form-2868\" class=\"wpforms-validate wpforms-form wpforms-ajax-form\" data-formid=\"2868\" method=\"post\" enctype=\"multipart\/form-data\" action=\"\/wp-json\/wp\/v2\/pages\/11589\" data-token=\"99eb981b87fa2bed8cf5cf9ef9b70dd9\" data-trp-original-action=\"\/en\/wp-json\/wp\/v2\/pages\/11589\"><noscript class=\"wpforms-error-noscript\">Please enable JavaScript in your browser to complete this form.<\/noscript><div class=\"wpforms-field-container\"><div id=\"wpforms-2868-field_0-container\" class=\"wpforms-field wpforms-field-name\" data-field-id=\"0\"><label class=\"wpforms-field-label wpforms-label-hide\" for=\"wpforms-2868-field_0\">Meno <span class=\"wpforms-required-label\">*<\/span><\/label><input type=\"text\" id=\"wpforms-2868-field_0\" class=\"wpforms-field-medium wpforms-field-required\" name=\"wpforms[fields][0]\" placeholder=\"Name and surname of parent *\" required><\/div><div id=\"wpforms-2868-field_12-container\" class=\"wpforms-field wpforms-field-number\" data-field-id=\"12\"><label class=\"wpforms-field-label wpforms-label-hide\" for=\"wpforms-2868-field_12\">Vek <span class=\"wpforms-required-label\">*<\/span><\/label><input type=\"number\" pattern=\"\\d*\" id=\"wpforms-2868-field_12\" class=\"wpforms-field-medium wpforms-field-required\" name=\"wpforms[fields][12]\" placeholder=\"Age of child *\" required><\/div><div id=\"wpforms-2868-field_9-container\" class=\"wpforms-field wpforms-field-text\" data-field-id=\"9\"><label class=\"wpforms-field-label wpforms-label-hide\" for=\"wpforms-2868-field_9\">Telef\u00f3n <span class=\"wpforms-required-label\">*<\/span><\/label><input type=\"text\" id=\"wpforms-2868-field_9\" class=\"wpforms-field-medium wpforms-field-required\" name=\"wpforms[fields][9]\" placeholder=\"Phone number *\" required><\/div><div id=\"wpforms-2868-field_5-container\" class=\"wpforms-field wpforms-field-email\" data-field-id=\"5\"><label class=\"wpforms-field-label wpforms-label-hide\" for=\"wpforms-2868-field_5\">Email <span class=\"wpforms-required-label\">*<\/span><\/label><input type=\"email\" id=\"wpforms-2868-field_5\" class=\"wpforms-field-medium wpforms-field-required\" name=\"wpforms[fields][5]\" placeholder=\"Email address *\" spellcheck=\"false\" required><\/div><div id=\"wpforms-2868-field_6-container\" class=\"wpforms-field wpforms-field-checkbox doodle-checkbox wpforms-list-inline\" data-field-id=\"6\"><label class=\"wpforms-field-label wpforms-label-hide\" for=\"wpforms-2868-field_6\">Checkboxes <span class=\"wpforms-required-label\">*<\/span><\/label><ul id=\"wpforms-2868-field_6\" class=\"wpforms-field-required\"><li class=\"choice-1 depth-1\"><input type=\"checkbox\" id=\"wpforms-2868-field_6_1\" name=\"wpforms[fields][6][]\" value=\"S\u00fahlas\u00edm so spracovan\u00edm &lt;b&gt;osobn\u00fdch \u00fadajov.&lt;\/b&gt;\" required><label class=\"wpforms-field-label-inline\" for=\"wpforms-2868-field_6_1\">I agree to the processing of <b>personal data. *<\/b><\/label><\/li><\/ul><\/div><\/div><!-- .wpforms-field-container --><div class=\"wpforms-recaptcha-container wpforms-is-recaptcha\" ><div class=\"g-recaptcha\" data-sitekey=\"6LcK2TchAAAAAMhcLoFGNPv2tpvbf7hWYT6Wy4TQ\" data-size=\"invisible\"><\/div><\/div><div class=\"wpforms-submit-container\" ><input type=\"hidden\" name=\"wpforms[id]\" value=\"2868\"><input type=\"hidden\" name=\"wpforms[author]\" value=\"1\"><button type=\"submit\" name=\"wpforms[submit]\" id=\"wpforms-submit-2868\" class=\"wpforms-submit predbezny-zapis-submit yellow-ripple-submit\" data-alt-text=\"Odosielam...\" data-submit-text=\"Odosla\u0165\" aria-live=\"assertive\" value=\"wpforms-submit\">Submit<\/button><img decoding=\"async\" src=\"https:\/\/littlebig.sk\/wp-content\/plugins\/wpforms\/assets\/images\/submit-spin.svg\" class=\"wpforms-submit-spinner\" style=\"display: none;\" width=\"26\" height=\"26\" alt=\"Loading\"><\/div><input type=\"hidden\" name=\"trp-form-language\" value=\"en\"\/><\/form><\/div>  <!-- .wpforms-container -->\t\t<\/div>\n\t\t\t\t<\/div>\n\t\t\t\t\t<\/div>\n\t\t<\/div>\n\t\t\t\t\t<\/div>\n\t\t<\/section>\n\t\t\t\t\t<\/div>\n\t\t<\/div>\n\t\t\t\t\t<\/div>\n\t\t<\/section>\n\t\t\t\t<\/div>","protected":false},"excerpt":{"rendered":"<p>Predbe\u017en\u00fd z\u00e1pis M\u00e1te z\u00e1ujem o obhliadku na\u0161ej \u0161k\u00f4lky? Radi v\u00e1m ju uk\u00e1\u017eeme a porozpr\u00e1vame sa s vami osobne.<\/p>","protected":false},"author":1,"featured_media":0,"parent":0,"menu_order":0,"comment_status":"closed","ping_status":"closed","template":"","meta":{"site-sidebar-layout":"no-sidebar","site-content-layout":"page-builder","ast-site-content-layout":"full-width-container","site-content-style":"default","site-sidebar-style":"default","ast-global-header-display":"","ast-banner-title-visibility":"","ast-main-header-display":"","ast-hfb-above-header-display":"","ast-hfb-below-header-display":"","ast-hfb-mobile-header-display":"","site-post-title":"disabled","ast-breadcrumbs-content":"","ast-featured-img":"disabled","footer-sml-layout":"","theme-transparent-header-meta":"","adv-header-id-meta":"","stick-header-meta":"","header-above-stick-meta":"","header-main-stick-meta":"","header-below-stick-meta":"","astra-migrate-meta-layouts":"set","ast-page-background-enabled":"default","ast-page-background-meta":{"desktop":{"background-color":"var(--ast-global-color-4)","background-image":"","background-repeat":"repeat","background-position":"center center","background-size":"auto","background-attachment":"scroll","background-type":"","background-media":"","overlay-type":"","overlay-color":"","overlay-opacity":"","overlay-gradient":""},"tablet":{"background-color":"","background-image":"","background-repeat":"repeat","background-position":"center center","background-size":"auto","background-attachment":"scroll","background-type":"","background-media":"","overlay-type":"","overlay-color":"","overlay-opacity":"","overlay-gradient":""},"mobile":{"background-color":"","background-image":"","background-repeat":"repeat","background-position":"center center","background-size":"auto","background-attachment":"scroll","background-type":"","background-media":"","overlay-type":"","overlay-color":"","overlay-opacity":"","overlay-gradient":""}},"ast-content-background-meta":{"desktop":{"background-color":"var(--ast-global-color-5)","background-image":"","background-repeat":"repeat","background-position":"center center","background-size":"auto","background-attachment":"scroll","background-type":"","background-media":"","overlay-type":"","overlay-color":"","overlay-opacity":"","overlay-gradient":""},"tablet":{"background-color":"var(--ast-global-color-5)","background-image":"","background-repeat":"repeat","background-position":"center center","background-size":"auto","background-attachment":"scroll","background-type":"","background-media":"","overlay-type":"","overlay-color":"","overlay-opacity":"","overlay-gradient":""},"mobile":{"background-color":"var(--ast-global-color-5)","background-image":"","background-repeat":"repeat","background-position":"center center","background-size":"auto","background-attachment":"scroll","background-type":"","background-media":"","overlay-type":"","overlay-color":"","overlay-opacity":"","overlay-gradient":""}},"footnotes":""},"class_list":["post-11589","page","type-page","status-publish","hentry"],"yoast_head":"<!-- This site is optimized with the Yoast SEO plugin v23.7 - https:\/\/yoast.com\/wordpress\/plugins\/seo\/ -->\n<title>Predbe\u017en\u00fd z\u00e1pis &#8212; littleBIG<\/title>\n<meta name=\"description\" content=\"Predbe\u017en\u00fd z\u00e1pis &#8212; littleBIG\" \/>\n<meta name=\"robots\" content=\"index, follow, max-snippet:-1, max-image-preview:large, max-video-preview:-1\" \/>\n<link rel=\"canonical\" href=\"https:\/\/littlebig.sk\/en\/predbezny-zapis\/\" \/>\n<meta property=\"og:locale\" content=\"en_GB\" \/>\n<meta property=\"og:type\" content=\"article\" \/>\n<meta property=\"og:title\" content=\"Predbe\u017en\u00fd z\u00e1pis &#8212; littleBIG\" \/>\n<meta property=\"og:description\" content=\"Predbe\u017en\u00fd z\u00e1pis &#8212; littleBIG\" \/>\n<meta property=\"og:url\" content=\"https:\/\/littlebig.sk\/en\/predbezny-zapis\/\" \/>\n<meta property=\"og:site_name\" content=\"littleBIG\" \/>\n<meta property=\"article:publisher\" content=\"https:\/\/www.facebook.com\/littlebigba\" \/>\n<meta property=\"article:modified_time\" content=\"2024-12-26T08:24:19+00:00\" \/>\n<meta property=\"og:image\" content=\"https:\/\/littlebig.sk\/wp-content\/uploads\/2025\/01\/littlebig_web.jpg\" \/>\n\t<meta property=\"og:image:width\" content=\"1200\" \/>\n\t<meta property=\"og:image:height\" content=\"675\" \/>\n\t<meta property=\"og:image:type\" content=\"image\/jpeg\" \/>\n<meta name=\"twitter:card\" content=\"summary_large_image\" \/>\n<script type=\"application\/ld+json\" class=\"yoast-schema-graph\">{\"@context\":\"https:\/\/schema.org\",\"@graph\":[{\"@type\":\"WebPage\",\"@id\":\"https:\/\/littlebig.sk\/predbezny-zapis\/\",\"url\":\"https:\/\/littlebig.sk\/predbezny-zapis\/\",\"name\":\"Predbe\u017en\u00fd z\u00e1pis &#8212; littleBIG\",\"isPartOf\":{\"@id\":\"https:\/\/littlebig.sk\/#website\"},\"primaryImageOfPage\":{\"@id\":\"https:\/\/littlebig.sk\/predbezny-zapis\/#primaryimage\"},\"image\":{\"@id\":\"https:\/\/littlebig.sk\/predbezny-zapis\/#primaryimage\"},\"thumbnailUrl\":\"https:\/\/littlebig.sk\/wp-content\/uploads\/2024\/12\/preliminary-registration_doodles.svg\",\"datePublished\":\"2024-12-09T16:00:37+00:00\",\"dateModified\":\"2024-12-26T08:24:19+00:00\",\"description\":\"Predbe\u017en\u00fd z\u00e1pis &#8212; littleBIG\",\"breadcrumb\":{\"@id\":\"https:\/\/littlebig.sk\/predbezny-zapis\/#breadcrumb\"},\"inLanguage\":\"en-GB\",\"potentialAction\":[{\"@type\":\"ReadAction\",\"target\":[\"https:\/\/littlebig.sk\/predbezny-zapis\/\"]}]},{\"@type\":\"ImageObject\",\"inLanguage\":\"en-GB\",\"@id\":\"https:\/\/littlebig.sk\/predbezny-zapis\/#primaryimage\",\"url\":\"https:\/\/littlebig.sk\/wp-content\/uploads\/2024\/12\/preliminary-registration_doodles.svg\",\"contentUrl\":\"https:\/\/littlebig.sk\/wp-content\/uploads\/2024\/12\/preliminary-registration_doodles.svg\"},{\"@type\":\"BreadcrumbList\",\"@id\":\"https:\/\/littlebig.sk\/predbezny-zapis\/#breadcrumb\",\"itemListElement\":[{\"@type\":\"ListItem\",\"position\":1,\"name\":\"Domovsk\u00e1 str\u00e1nka\",\"item\":\"https:\/\/littlebig.sk\/\"},{\"@type\":\"ListItem\",\"position\":2,\"name\":\"Predbe\u017en\u00fd z\u00e1pis\"}]},{\"@type\":\"WebSite\",\"@id\":\"https:\/\/littlebig.sk\/#website\",\"url\":\"https:\/\/littlebig.sk\/\",\"name\":\"littleBIG\",\"description\":\"Denne tvor\u00edme kr\u00e1sne detstvo\",\"publisher\":{\"@id\":\"https:\/\/littlebig.sk\/#organization\"},\"potentialAction\":[{\"@type\":\"SearchAction\",\"target\":{\"@type\":\"EntryPoint\",\"urlTemplate\":\"https:\/\/littlebig.sk\/?s={search_term_string}\"},\"query-input\":{\"@type\":\"PropertyValueSpecification\",\"valueRequired\":true,\"valueName\":\"search_term_string\"}}],\"inLanguage\":\"en-GB\"},{\"@type\":\"Organization\",\"@id\":\"https:\/\/littlebig.sk\/#organization\",\"name\":\"LittleBig\",\"url\":\"https:\/\/littlebig.sk\/\",\"logo\":{\"@type\":\"ImageObject\",\"inLanguage\":\"en-GB\",\"@id\":\"https:\/\/littlebig.sk\/#\/schema\/logo\/image\/\",\"url\":\"https:\/\/littlebig.sk\/wp-content\/uploads\/2022\/06\/littlebig_logo.svg\",\"contentUrl\":\"https:\/\/littlebig.sk\/wp-content\/uploads\/2022\/06\/littlebig_logo.svg\",\"width\":403,\"height\":123,\"caption\":\"LittleBig\"},\"image\":{\"@id\":\"https:\/\/littlebig.sk\/#\/schema\/logo\/image\/\"},\"sameAs\":[\"https:\/\/www.facebook.com\/littlebigba\",\"https:\/\/www.instagram.com\/skolka_littlebig\/\"]}]}<\/script>\n<!-- \/ Yoast SEO plugin. -->","yoast_head_json":{"title":"Predbe\u017en\u00fd z\u00e1pis &#8212; littleBIG","description":"Predbe\u017en\u00fd z\u00e1pis &#8212; littleBIG","robots":{"index":"index","follow":"follow","max-snippet":"max-snippet:-1","max-image-preview":"max-image-preview:large","max-video-preview":"max-video-preview:-1"},"canonical":"https:\/\/littlebig.sk\/en\/predbezny-zapis\/","og_locale":"en_GB","og_type":"article","og_title":"Predbe\u017en\u00fd z\u00e1pis &#8212; littleBIG","og_description":"Predbe\u017en\u00fd z\u00e1pis &#8212; littleBIG","og_url":"https:\/\/littlebig.sk\/en\/predbezny-zapis\/","og_site_name":"littleBIG","article_publisher":"https:\/\/www.facebook.com\/littlebigba","article_modified_time":"2024-12-26T08:24:19+00:00","og_image":[{"width":1200,"height":675,"url":"https:\/\/littlebig.sk\/wp-content\/uploads\/2025\/01\/littlebig_web.jpg","type":"image\/jpeg"}],"twitter_card":"summary_large_image","schema":{"@context":"https:\/\/schema.org","@graph":[{"@type":"WebPage","@id":"https:\/\/littlebig.sk\/predbezny-zapis\/","url":"https:\/\/littlebig.sk\/predbezny-zapis\/","name":"Predbe\u017en\u00fd z\u00e1pis &#8212; littleBIG","isPartOf":{"@id":"https:\/\/littlebig.sk\/#website"},"primaryImageOfPage":{"@id":"https:\/\/littlebig.sk\/predbezny-zapis\/#primaryimage"},"image":{"@id":"https:\/\/littlebig.sk\/predbezny-zapis\/#primaryimage"},"thumbnailUrl":"https:\/\/littlebig.sk\/wp-content\/uploads\/2024\/12\/preliminary-registration_doodles.svg","datePublished":"2024-12-09T16:00:37+00:00","dateModified":"2024-12-26T08:24:19+00:00","description":"Predbe\u017en\u00fd z\u00e1pis &#8212; littleBIG","breadcrumb":{"@id":"https:\/\/littlebig.sk\/predbezny-zapis\/#breadcrumb"},"inLanguage":"en-GB","potentialAction":[{"@type":"ReadAction","target":["https:\/\/littlebig.sk\/predbezny-zapis\/"]}]},{"@type":"ImageObject","inLanguage":"en-GB","@id":"https:\/\/littlebig.sk\/predbezny-zapis\/#primaryimage","url":"https:\/\/littlebig.sk\/wp-content\/uploads\/2024\/12\/preliminary-registration_doodles.svg","contentUrl":"https:\/\/littlebig.sk\/wp-content\/uploads\/2024\/12\/preliminary-registration_doodles.svg"},{"@type":"BreadcrumbList","@id":"https:\/\/littlebig.sk\/predbezny-zapis\/#breadcrumb","itemListElement":[{"@type":"ListItem","position":1,"name":"Domovsk\u00e1 str\u00e1nka","item":"https:\/\/littlebig.sk\/"},{"@type":"ListItem","position":2,"name":"Predbe\u017en\u00fd z\u00e1pis"}]},{"@type":"WebSite","@id":"https:\/\/littlebig.sk\/#website","url":"https:\/\/littlebig.sk\/","name":"littleBIG","description":"Denne tvor\u00edme kr\u00e1sne detstvo","publisher":{"@id":"https:\/\/littlebig.sk\/#organization"},"potentialAction":[{"@type":"SearchAction","target":{"@type":"EntryPoint","urlTemplate":"https:\/\/littlebig.sk\/?s={search_term_string}"},"query-input":{"@type":"PropertyValueSpecification","valueRequired":true,"valueName":"search_term_string"}}],"inLanguage":"en-GB"},{"@type":"Organization","@id":"https:\/\/littlebig.sk\/#organization","name":"LittleBig","url":"https:\/\/littlebig.sk\/","logo":{"@type":"ImageObject","inLanguage":"en-GB","@id":"https:\/\/littlebig.sk\/#\/schema\/logo\/image\/","url":"https:\/\/littlebig.sk\/wp-content\/uploads\/2022\/06\/littlebig_logo.svg","contentUrl":"https:\/\/littlebig.sk\/wp-content\/uploads\/2022\/06\/littlebig_logo.svg","width":403,"height":123,"caption":"LittleBig"},"image":{"@id":"https:\/\/littlebig.sk\/#\/schema\/logo\/image\/"},"sameAs":["https:\/\/www.facebook.com\/littlebigba","https:\/\/www.instagram.com\/skolka_littlebig\/"]}]}},"_links":{"self":[{"href":"https:\/\/littlebig.sk\/en\/wp-json\/wp\/v2\/pages\/11589","targetHints":{"allow":["GET"]}}],"collection":[{"href":"https:\/\/littlebig.sk\/en\/wp-json\/wp\/v2\/pages"}],"about":[{"href":"https:\/\/littlebig.sk\/en\/wp-json\/wp\/v2\/types\/page"}],"author":[{"embeddable":true,"href":"https:\/\/littlebig.sk\/en\/wp-json\/wp\/v2\/users\/1"}],"replies":[{"embeddable":true,"href":"https:\/\/littlebig.sk\/en\/wp-json\/wp\/v2\/comments?post=11589"}],"version-history":[{"count":6,"href":"https:\/\/littlebig.sk\/en\/wp-json\/wp\/v2\/pages\/11589\/revisions"}],"predecessor-version":[{"id":12466,"href":"https:\/\/littlebig.sk\/en\/wp-json\/wp\/v2\/pages\/11589\/revisions\/12466"}],"wp:attachment":[{"href":"https:\/\/littlebig.sk\/en\/wp-json\/wp\/v2\/media?parent=11589"}],"curies":[{"name":"wp","href":"https:\/\/api.w.org\/{rel}","templated":true}]}}