{"id":4685,"date":"2022-05-25T00:49:07","date_gmt":"2022-05-24T22:49:07","guid":{"rendered":"https:\/\/littlebig.sk\/?page_id=4685"},"modified":"2024-09-05T13:45:45","modified_gmt":"2024-09-05T11:45:45","slug":"pred-nastupom","status":"publish","type":"page","link":"https:\/\/littlebig.sk\/en\/pred-nastupom\/","title":{"rendered":"Before enrolment"},"content":{"rendered":"<div data-elementor-type=\"wp-page\" data-elementor-id=\"4685\" class=\"elementor elementor-4685\">\n\t\t\t\t\t\t<section class=\"elementor-section elementor-top-section elementor-element elementor-element-71a81db elementor-section-boxed elementor-section-height-default elementor-section-height-default\" data-id=\"71a81db\" data-element_type=\"section\">\n\t\t\t\t\t\t<div class=\"elementor-container elementor-column-gap-default\">\n\t\t\t\t\t<div class=\"elementor-column elementor-col-100 elementor-top-column elementor-element elementor-element-eb5199c\" data-id=\"eb5199c\" data-element_type=\"column\">\n\t\t\t<div class=\"elementor-widget-wrap elementor-element-populated\">\n\t\t\t\t\t\t<section class=\"elementor-section elementor-inner-section elementor-element elementor-element-4eba62d elementor-section-boxed elementor-section-height-default elementor-section-height-default\" data-id=\"4eba62d\" data-element_type=\"section\">\n\t\t\t\t\t\t<div class=\"elementor-container elementor-column-gap-default\">\n\t\t\t\t\t<div class=\"elementor-column elementor-col-50 elementor-inner-column elementor-element elementor-element-8474db3\" data-id=\"8474db3\" data-element_type=\"column\">\n\t\t\t<div class=\"elementor-widget-wrap elementor-element-populated\">\n\t\t\t\t\t\t<div class=\"elementor-element elementor-element-9fcf5ea elementor-widget elementor-widget-heading\" data-id=\"9fcf5ea\" data-element_type=\"widget\" data-widget_type=\"heading.default\">\n\t\t\t\t<div class=\"elementor-widget-container\">\n\t\t\t<h2 class=\"elementor-heading-title elementor-size-default\">Practical info<\/h2>\t\t<\/div>\n\t\t\t\t<\/div>\n\t\t\t\t\t<\/div>\n\t\t<\/div>\n\t\t\t\t<div class=\"elementor-column elementor-col-50 elementor-inner-column elementor-element elementor-element-e506f5b elementor-hidden-tablet elementor-hidden-mobile\" data-id=\"e506f5b\" data-element_type=\"column\">\n\t\t\t<div class=\"elementor-widget-wrap elementor-element-populated\">\n\t\t\t\t\t\t<div class=\"elementor-element elementor-element-d2a47a3 elementor-widget elementor-widget-image\" data-id=\"d2a47a3\" data-element_type=\"widget\" data-widget_type=\"image.default\">\n\t\t\t\t<div class=\"elementor-widget-container\">\n\t\t\t\t\t\t\t\t\t\t\t\t\t<img decoding=\"async\" width=\"166\" height=\"77\" src=\"https:\/\/littlebig.sk\/wp-content\/uploads\/2022\/05\/Group-4-1.svg\" class=\"attachment-full size-full wp-image-4687\" alt=\"\" \/>\t\t\t\t\t\t\t\t\t\t\t\t\t<\/div>\n\t\t\t\t<\/div>\n\t\t\t\t\t<\/div>\n\t\t<\/div>\n\t\t\t\t\t<\/div>\n\t\t<\/section>\n\t\t\t\t<section class=\"elementor-section elementor-inner-section elementor-element elementor-element-18629eb elementor-section-boxed elementor-section-height-default elementor-section-height-default\" data-id=\"18629eb\" data-element_type=\"section\">\n\t\t\t\t\t\t<div class=\"elementor-container elementor-column-gap-default\">\n\t\t\t\t\t<div class=\"elementor-column elementor-col-100 elementor-inner-column elementor-element elementor-element-9e0078d\" data-id=\"9e0078d\" data-element_type=\"column\">\n\t\t\t<div class=\"elementor-widget-wrap elementor-element-populated\">\n\t\t\t\t\t\t<div class=\"elementor-element elementor-element-4a258fe elementor-widget elementor-widget-text-editor\" data-id=\"4a258fe\" data-element_type=\"widget\" data-widget_type=\"text-editor.default\">\n\t\t\t\t<div class=\"elementor-widget-container\">\n\t\t\t\t\t\t\tWe generally accept children aged 2 to 6 years old for pre-primary education.\t\t\t\t\t\t<\/div>\n\t\t\t\t<\/div>\n\t\t\t\t<div class=\"elementor-element elementor-element-fb83ea0 elementor-widget elementor-widget-text-editor\" data-id=\"fb83ea0\" data-element_type=\"widget\" data-widget_type=\"text-editor.default\">\n\t\t\t\t<div class=\"elementor-widget-container\">\n\t\t\t\t\t\t\tLegal guardians first submit a completed application for the child's admission, confirmed by a pediatrician. Upon enrollment, they present a questionnaire about the child and a copy of the health insurance card. A child can be admitted during the school year, and the principal assigns them to individual classes, usually based on age, as well as the child's personality and maturity, and depending on our capacity.\t\t\t\t\t\t<\/div>\n\t\t\t\t<\/div>\n\t\t\t\t<div class=\"elementor-element elementor-element-6705501 elementor-widget elementor-widget-text-editor\" data-id=\"6705501\" data-element_type=\"widget\" data-widget_type=\"text-editor.default\">\n\t\t\t\t<div class=\"elementor-widget-container\">\n\t\t\t\t\t\t\tParents (legal guardians) shall sign a Child Care Agreement, which they conclude with the founder. You can read more information in the Handbook for Parents in the section \u2018documents for download\u2019.\t\t\t\t\t\t<\/div>\n\t\t\t\t<\/div>\n\t\t\t\t\t<\/div>\n\t\t<\/div>\n\t\t\t\t\t<\/div>\n\t\t<\/section>\n\t\t\t\t\t<\/div>\n\t\t<\/div>\n\t\t\t\t\t<\/div>\n\t\t<\/section>\n\t\t\t\t<section class=\"elementor-section elementor-top-section elementor-element elementor-element-9adba36 elementor-section-boxed elementor-section-height-default elementor-section-height-default\" data-id=\"9adba36\" data-element_type=\"section\">\n\t\t\t\t\t\t<div class=\"elementor-container elementor-column-gap-default\">\n\t\t\t\t\t<div class=\"elementor-column elementor-col-100 elementor-top-column elementor-element elementor-element-60771e9\" data-id=\"60771e9\" data-element_type=\"column\">\n\t\t\t<div class=\"elementor-widget-wrap elementor-element-populated\">\n\t\t\t\t\t\t<div class=\"elementor-element elementor-element-70ffe15 max-width-820 elementor-widget elementor-widget-heading\" data-id=\"70ffe15\" data-element_type=\"widget\" data-widget_type=\"heading.default\">\n\t\t\t\t<div class=\"elementor-widget-container\">\n\t\t\t<h2 class=\"elementor-heading-title elementor-size-default\">Documents for enrolment\/download<\/h2>\t\t<\/div>\n\t\t\t\t<\/div>\n\t\t\t\t<div class=\"elementor-element elementor-element-64ecb1b elementor-widget elementor-widget-text-editor\" data-id=\"64ecb1b\" data-element_type=\"widget\" data-widget_type=\"text-editor.default\">\n\t\t\t\t<div class=\"elementor-widget-container\">\n\t\t\t\t\t\t\t<ul>\n \t<li><a href=\"https:\/\/littlebig.sk\/wp-content\/uploads\/2024\/05\/APPLICATION-FOR-THE-ADMISSION-.pdf\" target=\"_blank\" rel=\"noopener\">Application for admission<\/a><\/li>\n \t<li><a href=\"https:\/\/littlebig.sk\/wp-content\/uploads\/2022\/10\/Questionnaire.pdf\" target=\"_blank\" rel=\"noopener\">Questionnaire<\/a><\/li>\n \t<li><a href=\"https:\/\/littlebig.sk\/wp-content\/uploads\/2024\/05\/GUIDE-for-parents.pdf\" target=\"_blank\" rel=\"noopener\">Handbook for Parents<\/a><\/li>\n \t<li><a href=\"https:\/\/littlebig.sk\/wp-content\/uploads\/2025\/05\/littleBIG_AGREEMENT.pdf\" target=\"_blank\" rel=\"noopener\">Agreement on the provision of care for a preschool child<\/a><\/li>\n \t<li><a href=\"https:\/\/littlebig.sk\/wp-content\/uploads\/2024\/09\/Skolsky-poriadok-littleBIG_2024.pdf\" target=\"_blank\" rel=\"noopener\">School regulations<\/a><\/li>\n \t<li><a href=\"https:\/\/littlebig.sk\/wp-content\/uploads\/2024\/09\/SkVP_littleBIG_2024_2025.pdf\" target=\"_blank\" rel=\"noopener\">School educational programme<\/a><\/li>\n<\/ul>\t\t\t\t\t\t<\/div>\n\t\t\t\t<\/div>\n\t\t\t\t\t<\/div>\n\t\t<\/div>\n\t\t\t\t\t<\/div>\n\t\t<\/section>\n\t\t\t\t<\/div>","protected":false},"excerpt":{"rendered":"<p>Praktick\u00e9 inform\u00e1cie Na predprim\u00e1rne vzdel\u00e1vanie prij\u00edmame spravidla deti od 2 do 6 rokov veku.Z\u00e1konn\u00ed z\u00e1stupcovia najsk\u00f4r odovzd\u00e1vaj\u00fa vyplnen\u00fa \u017eiados\u0165 o prijatie die\u0165a\u0165a potvrden\u00fa pediatrom. Pri n\u00e1stupe predkladaj\u00fa dotazn\u00edk o die\u0165ati a k\u00f3piu preukazu ZP. Die\u0165a m\u00f4\u017ee by\u0165 prijat\u00e9 aj v [&hellip;]<\/p>","protected":false},"author":1,"featured_media":0,"parent":0,"menu_order":0,"comment_status":"closed","ping_status":"closed","template":"","meta":{"site-sidebar-layout":"no-sidebar","site-content-layout":"page-builder","ast-site-content-layout":"","site-content-style":"default","site-sidebar-style":"default","ast-global-header-display":"","ast-banner-title-visibility":"","ast-main-header-display":"","ast-hfb-above-header-display":"","ast-hfb-below-header-display":"","ast-hfb-mobile-header-display":"","site-post-title":"disabled","ast-breadcrumbs-content":"","ast-featured-img":"disabled","footer-sml-layout":"","theme-transparent-header-meta":"","adv-header-id-meta":"","stick-header-meta":"","header-above-stick-meta":"","header-main-stick-meta":"","header-below-stick-meta":"","astra-migrate-meta-layouts":"default","ast-page-background-enabled":"default","ast-page-background-meta":{"desktop":{"background-color":"var(--ast-global-color-4)","background-image":"","background-repeat":"repeat","background-position":"center center","background-size":"auto","background-attachment":"scroll","background-type":"","background-media":"","overlay-type":"","overlay-color":"","overlay-opacity":"","overlay-gradient":""},"tablet":{"background-color":"","background-image":"","background-repeat":"repeat","background-position":"center center","background-size":"auto","background-attachment":"scroll","background-type":"","background-media":"","overlay-type":"","overlay-color":"","overlay-opacity":"","overlay-gradient":""},"mobile":{"background-color":"","background-image":"","background-repeat":"repeat","background-position":"center center","background-size":"auto","background-attachment":"scroll","background-type":"","background-media":"","overlay-type":"","overlay-color":"","overlay-opacity":"","overlay-gradient":""}},"ast-content-background-meta":{"desktop":{"background-color":"var(--ast-global-color-5)","background-image":"","background-repeat":"repeat","background-position":"center center","background-size":"auto","background-attachment":"scroll","background-type":"","background-media":"","overlay-type":"","overlay-color":"","overlay-opacity":"","overlay-gradient":""},"tablet":{"background-color":"var(--ast-global-color-5)","background-image":"","background-repeat":"repeat","background-position":"center center","background-size":"auto","background-attachment":"scroll","background-type":"","background-media":"","overlay-type":"","overlay-color":"","overlay-opacity":"","overlay-gradient":""},"mobile":{"background-color":"var(--ast-global-color-5)","background-image":"","background-repeat":"repeat","background-position":"center center","background-size":"auto","background-attachment":"scroll","background-type":"","background-media":"","overlay-type":"","overlay-color":"","overlay-opacity":"","overlay-gradient":""}},"footnotes":""},"class_list":["post-4685","page","type-page","status-publish","hentry"],"yoast_head":"<!-- This site is optimized with the Yoast SEO plugin v23.7 - https:\/\/yoast.com\/wordpress\/plugins\/seo\/ -->\n<title>Pred n\u00e1stupom &#8212; littleBIG<\/title>\n<meta name=\"description\" content=\"Pred n\u00e1stupom &#8212; littleBIG\" \/>\n<meta name=\"robots\" content=\"index, follow, max-snippet:-1, max-image-preview:large, max-video-preview:-1\" \/>\n<link rel=\"canonical\" href=\"https:\/\/littlebig.sk\/en\/pred-nastupom\/\" \/>\n<meta property=\"og:locale\" content=\"en_GB\" \/>\n<meta property=\"og:type\" content=\"article\" \/>\n<meta property=\"og:title\" content=\"Pred n\u00e1stupom &#8212; littleBIG\" \/>\n<meta property=\"og:description\" content=\"Pred n\u00e1stupom &#8212; littleBIG\" \/>\n<meta property=\"og:url\" content=\"https:\/\/littlebig.sk\/en\/pred-nastupom\/\" \/>\n<meta property=\"og:site_name\" content=\"littleBIG\" \/>\n<meta property=\"article:publisher\" content=\"https:\/\/www.facebook.com\/littlebigba\" \/>\n<meta property=\"article:modified_time\" content=\"2024-09-05T11:45:45+00:00\" \/>\n<meta property=\"og:image\" content=\"https:\/\/littlebig.sk\/wp-content\/uploads\/2022\/05\/Group-4-1.svg\" \/>\n<meta name=\"twitter:card\" content=\"summary_large_image\" \/>\n<meta name=\"twitter:label1\" content=\"Estimated reading time\" \/>\n\t<meta name=\"twitter:data1\" content=\"1 minute\" \/>\n<script type=\"application\/ld+json\" class=\"yoast-schema-graph\">{\"@context\":\"https:\/\/schema.org\",\"@graph\":[{\"@type\":\"WebPage\",\"@id\":\"https:\/\/littlebig.sk\/pred-nastupom\/\",\"url\":\"https:\/\/littlebig.sk\/pred-nastupom\/\",\"name\":\"Pred n\u00e1stupom &#8212; littleBIG\",\"isPartOf\":{\"@id\":\"https:\/\/littlebig.sk\/#website\"},\"primaryImageOfPage\":{\"@id\":\"https:\/\/littlebig.sk\/pred-nastupom\/#primaryimage\"},\"image\":{\"@id\":\"https:\/\/littlebig.sk\/pred-nastupom\/#primaryimage\"},\"thumbnailUrl\":\"https:\/\/littlebig.sk\/wp-content\/uploads\/2022\/05\/Group-4-1.svg\",\"datePublished\":\"2022-05-24T22:49:07+00:00\",\"dateModified\":\"2024-09-05T11:45:45+00:00\",\"description\":\"Pred n\u00e1stupom &#8212; littleBIG\",\"breadcrumb\":{\"@id\":\"https:\/\/littlebig.sk\/pred-nastupom\/#breadcrumb\"},\"inLanguage\":\"en-GB\",\"potentialAction\":[{\"@type\":\"ReadAction\",\"target\":[\"https:\/\/littlebig.sk\/pred-nastupom\/\"]}]},{\"@type\":\"ImageObject\",\"inLanguage\":\"en-GB\",\"@id\":\"https:\/\/littlebig.sk\/pred-nastupom\/#primaryimage\",\"url\":\"https:\/\/littlebig.sk\/wp-content\/uploads\/2022\/05\/Group-4-1.svg\",\"contentUrl\":\"https:\/\/littlebig.sk\/wp-content\/uploads\/2022\/05\/Group-4-1.svg\"},{\"@type\":\"BreadcrumbList\",\"@id\":\"https:\/\/littlebig.sk\/pred-nastupom\/#breadcrumb\",\"itemListElement\":[{\"@type\":\"ListItem\",\"position\":1,\"name\":\"Domovsk\u00e1 str\u00e1nka\",\"item\":\"https:\/\/littlebig.sk\/\"},{\"@type\":\"ListItem\",\"position\":2,\"name\":\"Pred n\u00e1stupom\"}]},{\"@type\":\"WebSite\",\"@id\":\"https:\/\/littlebig.sk\/#website\",\"url\":\"https:\/\/littlebig.sk\/\",\"name\":\"littleBIG\",\"description\":\"Denne tvor\u00edme kr\u00e1sne detstvo\",\"publisher\":{\"@id\":\"https:\/\/littlebig.sk\/#organization\"},\"potentialAction\":[{\"@type\":\"SearchAction\",\"target\":{\"@type\":\"EntryPoint\",\"urlTemplate\":\"https:\/\/littlebig.sk\/?s={search_term_string}\"},\"query-input\":{\"@type\":\"PropertyValueSpecification\",\"valueRequired\":true,\"valueName\":\"search_term_string\"}}],\"inLanguage\":\"en-GB\"},{\"@type\":\"Organization\",\"@id\":\"https:\/\/littlebig.sk\/#organization\",\"name\":\"LittleBig\",\"url\":\"https:\/\/littlebig.sk\/\",\"logo\":{\"@type\":\"ImageObject\",\"inLanguage\":\"en-GB\",\"@id\":\"https:\/\/littlebig.sk\/#\/schema\/logo\/image\/\",\"url\":\"https:\/\/littlebig.sk\/wp-content\/uploads\/2022\/06\/littlebig_logo.svg\",\"contentUrl\":\"https:\/\/littlebig.sk\/wp-content\/uploads\/2022\/06\/littlebig_logo.svg\",\"width\":403,\"height\":123,\"caption\":\"LittleBig\"},\"image\":{\"@id\":\"https:\/\/littlebig.sk\/#\/schema\/logo\/image\/\"},\"sameAs\":[\"https:\/\/www.facebook.com\/littlebigba\",\"https:\/\/www.instagram.com\/skolka_littlebig\/\"]}]}<\/script>\n<!-- \/ Yoast SEO plugin. -->","yoast_head_json":{"title":"Pred n\u00e1stupom &#8212; littleBIG","description":"Pred n\u00e1stupom &#8212; littleBIG","robots":{"index":"index","follow":"follow","max-snippet":"max-snippet:-1","max-image-preview":"max-image-preview:large","max-video-preview":"max-video-preview:-1"},"canonical":"https:\/\/littlebig.sk\/en\/pred-nastupom\/","og_locale":"en_GB","og_type":"article","og_title":"Pred n\u00e1stupom &#8212; littleBIG","og_description":"Pred n\u00e1stupom &#8212; littleBIG","og_url":"https:\/\/littlebig.sk\/en\/pred-nastupom\/","og_site_name":"littleBIG","article_publisher":"https:\/\/www.facebook.com\/littlebigba","article_modified_time":"2024-09-05T11:45:45+00:00","og_image":[{"url":"https:\/\/littlebig.sk\/wp-content\/uploads\/2022\/05\/Group-4-1.svg"}],"twitter_card":"summary_large_image","twitter_misc":{"Estimated reading time":"1 minute"},"schema":{"@context":"https:\/\/schema.org","@graph":[{"@type":"WebPage","@id":"https:\/\/littlebig.sk\/pred-nastupom\/","url":"https:\/\/littlebig.sk\/pred-nastupom\/","name":"Pred n\u00e1stupom &#8212; littleBIG","isPartOf":{"@id":"https:\/\/littlebig.sk\/#website"},"primaryImageOfPage":{"@id":"https:\/\/littlebig.sk\/pred-nastupom\/#primaryimage"},"image":{"@id":"https:\/\/littlebig.sk\/pred-nastupom\/#primaryimage"},"thumbnailUrl":"https:\/\/littlebig.sk\/wp-content\/uploads\/2022\/05\/Group-4-1.svg","datePublished":"2022-05-24T22:49:07+00:00","dateModified":"2024-09-05T11:45:45+00:00","description":"Pred n\u00e1stupom &#8212; littleBIG","breadcrumb":{"@id":"https:\/\/littlebig.sk\/pred-nastupom\/#breadcrumb"},"inLanguage":"en-GB","potentialAction":[{"@type":"ReadAction","target":["https:\/\/littlebig.sk\/pred-nastupom\/"]}]},{"@type":"ImageObject","inLanguage":"en-GB","@id":"https:\/\/littlebig.sk\/pred-nastupom\/#primaryimage","url":"https:\/\/littlebig.sk\/wp-content\/uploads\/2022\/05\/Group-4-1.svg","contentUrl":"https:\/\/littlebig.sk\/wp-content\/uploads\/2022\/05\/Group-4-1.svg"},{"@type":"BreadcrumbList","@id":"https:\/\/littlebig.sk\/pred-nastupom\/#breadcrumb","itemListElement":[{"@type":"ListItem","position":1,"name":"Domovsk\u00e1 str\u00e1nka","item":"https:\/\/littlebig.sk\/"},{"@type":"ListItem","position":2,"name":"Pred n\u00e1stupom"}]},{"@type":"WebSite","@id":"https:\/\/littlebig.sk\/#website","url":"https:\/\/littlebig.sk\/","name":"littleBIG","description":"Denne tvor\u00edme kr\u00e1sne detstvo","publisher":{"@id":"https:\/\/littlebig.sk\/#organization"},"potentialAction":[{"@type":"SearchAction","target":{"@type":"EntryPoint","urlTemplate":"https:\/\/littlebig.sk\/?s={search_term_string}"},"query-input":{"@type":"PropertyValueSpecification","valueRequired":true,"valueName":"search_term_string"}}],"inLanguage":"en-GB"},{"@type":"Organization","@id":"https:\/\/littlebig.sk\/#organization","name":"LittleBig","url":"https:\/\/littlebig.sk\/","logo":{"@type":"ImageObject","inLanguage":"en-GB","@id":"https:\/\/littlebig.sk\/#\/schema\/logo\/image\/","url":"https:\/\/littlebig.sk\/wp-content\/uploads\/2022\/06\/littlebig_logo.svg","contentUrl":"https:\/\/littlebig.sk\/wp-content\/uploads\/2022\/06\/littlebig_logo.svg","width":403,"height":123,"caption":"LittleBig"},"image":{"@id":"https:\/\/littlebig.sk\/#\/schema\/logo\/image\/"},"sameAs":["https:\/\/www.facebook.com\/littlebigba","https:\/\/www.instagram.com\/skolka_littlebig\/"]}]}},"_links":{"self":[{"href":"https:\/\/littlebig.sk\/en\/wp-json\/wp\/v2\/pages\/4685","targetHints":{"allow":["GET"]}}],"collection":[{"href":"https:\/\/littlebig.sk\/en\/wp-json\/wp\/v2\/pages"}],"about":[{"href":"https:\/\/littlebig.sk\/en\/wp-json\/wp\/v2\/types\/page"}],"author":[{"embeddable":true,"href":"https:\/\/littlebig.sk\/en\/wp-json\/wp\/v2\/users\/1"}],"replies":[{"embeddable":true,"href":"https:\/\/littlebig.sk\/en\/wp-json\/wp\/v2\/comments?post=4685"}],"version-history":[{"count":101,"href":"https:\/\/littlebig.sk\/en\/wp-json\/wp\/v2\/pages\/4685\/revisions"}],"predecessor-version":[{"id":11238,"href":"https:\/\/littlebig.sk\/en\/wp-json\/wp\/v2\/pages\/4685\/revisions\/11238"}],"wp:attachment":[{"href":"https:\/\/littlebig.sk\/en\/wp-json\/wp\/v2\/media?parent=4685"}],"curies":[{"name":"wp","href":"https:\/\/api.w.org\/{rel}","templated":true}]}}